{"id":95,"date":"2018-02-23T18:49:13","date_gmt":"2018-02-23T17:49:13","guid":{"rendered":"https:\/\/ecavraca.dcos.yes-online.org\/?page_id=95"},"modified":"2026-01-29T18:22:09","modified_gmt":"2026-01-29T17:22:09","slug":"kontakty","status":"publish","type":"page","link":"https:\/\/ecavraca.sk\/?page_id=95","title":{"rendered":"Kontakty"},"content":{"rendered":"<div id=\"pl-95\"  class=\"panel-layout\" ><div id=\"pg-95-0\"  class=\"panel-grid panel-no-style\" ><div id=\"pgc-95-0-0\"  class=\"panel-grid-cell\" ><div id=\"panel-95-0-0-0\" class=\"so-panel widget widget_text panel-first-child\" data-index=\"0\" >\t\t\t<div class=\"textwidget\"><p><strong><span style=\"vertical-align: inherit;\"><span style=\"vertical-align: inherit;\"><span dir=\"auto\" style=\"vertical-align: inherit;\"><span dir=\"auto\" style=\"vertical-align: inherit;\">Kontakty<\/span><\/span><\/span><\/span><\/strong><\/p>\n<p><span style=\"vertical-align: inherit;\"><span style=\"vertical-align: inherit;\">S\u00eddlo farsk\u00e9ho \u00faradu: Alstrova ulica \u010d.39, 831 06 Bratislava 35, telef\u00f3n: 02\/44883403, mobil:0903794926<\/span><\/span><\/p>\n<p><span style=\"vertical-align: inherit;\"><span style=\"vertical-align: inherit;\"><span dir=\"auto\" style=\"vertical-align: inherit;\"><span dir=\"auto\" style=\"vertical-align: inherit;\">e-mail: <\/span><\/span><\/span><\/span><a href=\"mailto:raca@ecav.sk\"><span style=\"vertical-align: inherit;\"><span style=\"vertical-align: inherit;\"><span dir=\"auto\" style=\"vertical-align: inherit;\"><span dir=\"auto\" style=\"vertical-align: inherit;\">raca@ecav.sk<\/span><\/span><\/span><\/span><\/a><\/p>\n<p>Cirkevn\u00fd pr\u00edspevok, pr\u00edp. milodary uv\u00edtame na \u010cU. nasledovne:<\/p>\n<p>N\u00e1zov \u00fa\u010dtu \/ n\u00e1zov pr\u00edjemcu\/: Cirkevn\u00fd zbor Evanjelickej cirkvi augsbursk\u00e9ho vyznania na Slovensku Bratislava \u2013 Ra\u010da\/<\/p>\n<p><strong>CZ ECAV Bratislava<\/strong> &#8211; <strong>Ra\u010da<\/strong><\/p>\n<p>RA\u010cA: SlSp.,: SK 66 0900 0000 0000 1147 1975<\/p>\n<p>Dc\u00e9rocirkev Bernol\u00e1kovo, Tatrabanka, SK 64 1100 0000 0026 2384 4890<\/p>\n<p><span dir=\"auto\" style=\"vertical-align: inherit;\"><span dir=\"auto\" style=\"vertical-align: inherit;\">Suma CP je od r. <\/span><\/span><strong><span dir=\"auto\" style=\"vertical-align: inherit;\"><span dir=\"auto\" style=\"vertical-align: inherit;\">2026<\/span><\/span><\/strong><span dir=\"auto\" style=\"vertical-align: inherit;\"><span dir=\"auto\" style=\"vertical-align: inherit;\"> nasledovn\u00e1: <\/span><\/span><strong><span dir=\"auto\" style=\"vertical-align: inherit;\"><span dir=\"auto\" style=\"vertical-align: inherit;\">40<\/span><\/span><\/strong><span dir=\"auto\" style=\"vertical-align: inherit;\"><span dir=\"auto\" style=\"vertical-align: inherit;\">.-\u20ac , na rok pre z\u00e1robkovo \u010dinn\u00fdch; <\/span><\/span><strong><span dir=\"auto\" style=\"vertical-align: inherit;\"><span dir=\"auto\" style=\"vertical-align: inherit;\">20<\/span><\/span><\/strong><span dir=\"auto\" style=\"vertical-align: inherit;\"><span dir=\"auto\" style=\"vertical-align: inherit;\">,-\u20ac pre deti, \u0161tudentov a d\u00f4chodcov.<\/span><\/span><\/p>\n<p>Do spr\u00e1vy pre prij\u00edmate\u013ea by bolo dobr\u00e9 uvies\u0165, za ktor\u00fd rok, po\u010det os., a CP- cirkevn\u00fd pr\u00edspevok, alebo MLD &#8211; milodar.\u00a0 \u00a0 \u00a0 V\u010faka<\/p>\n<p>&nbsp;<\/p>\n<p><span style=\"vertical-align: inherit;\"><span style=\"vertical-align: inherit;\"><span dir=\"auto\" style=\"vertical-align: inherit;\"><span dir=\"auto\" style=\"vertical-align: inherit;\">Predsedn\u00edctvo zboru: zborov\u00fd far\u00e1r: Rastislav Harga\u0161, zborov\u00fd dozorca J\u00e1n Viglask\u00fd, z\u00e1stupca zb. dozorcu Milo\u0161 Kul\u00edk, kantorka: Anna Slez\u00e1kov\u00e1 (Bernol\u00e1kovo).<\/span><\/span><\/span><\/span><\/p>\n<\/div>\n\t\t<\/div><div id=\"panel-95-0-0-1\" class=\"so-panel widget widget_sow-google-map panel-last-child\" data-index=\"1\" ><div\n\t\t\t\n\t\t\tclass=\"so-widget-sow-google-map so-widget-sow-google-map-default-dfba216d3c8e-95\"\n\t\t\t\n\t\t>\n<div class=\"sow-google-map-canvas\"\n\tstyle=\"\"\n\tid=\"map-canvas-31640e4ca27a6d46d0e4fbb39d75422d\"\n\tdata-options=\"{&quot;address&quot;:&quot;Alstrova 8706, Bratislava Ra\\u010da&quot;,&quot;zoom&quot;:15,&quot;mobileZoom&quot;:15,&quot;gestureHandling&quot;:&quot;greedy&quot;,&quot;disableUi&quot;:false,&quot;markerIcon&quot;:false,&quot;markersDraggable&quot;:false,&quot;markerAtCenter&quot;:true,&quot;markerInfoDisplay&quot;:&quot;click&quot;,&quot;markerInfoMultiple&quot;:true,&quot;markerPositions&quot;:false,&quot;mapName&quot;:false,&quot;mapStyles&quot;:false,&quot;directions&quot;:&quot;&quot;,&quot;apiKey&quot;:&quot;AIzaSyBxi36d7qshpmdI_xjDmyxb_hkYu1v6Mic&quot;,&quot;breakpoint&quot;:780,&quot;id&quot;:&quot;69e4eb&quot;}\"\n\tdata-fallback-image=\"{&quot;img&quot;:&quot;&quot;}\"><\/div>\n<\/div><\/div><\/div><\/div><div id=\"pg-95-1\"  class=\"panel-grid panel-no-style\" ><div id=\"pgc-95-1-0\"  class=\"panel-grid-cell\" ><div id=\"panel-95-1-0-0\" class=\"so-panel widget widget_text panel-first-child panel-last-child\" data-index=\"2\" ><h3 class=\"widget-title\">Slu\u017eby Bo\u017eie Ra\u010da:<\/h3>\t\t\t<div class=\"textwidget\"><p>Radi v\u00e1s uv\u00edtame na Slu\u017eb\u00e1ch Bo\u017e\u00edch, ktor\u00e9 sa konaj\u00fa:<\/p>\n<p>V Ra\u010di (chr\u00e1m Bo\u017e\u00ed) ka\u017ed\u00fa <strong>nede\u013eu o 9:00, \/2. nede\u013ea v mesiaci so sviatos\u0165ou Ve\u010dere P\u00e1novej so spove\u010fou\/<\/strong><\/p>\n<p>a <strong>stredu o 17:00<\/strong> (po\u010das adventu a p\u00f4stu)<\/p>\n<p>v DD DSS na Podbrezovej 28 (BAS) <strong>2. nede\u013ea v mesiaci o 13:00<\/strong><\/p>\n<p>&nbsp;<\/p>\n<\/div>\n\t\t<\/div><\/div><div id=\"pgc-95-1-1\"  class=\"panel-grid-cell\" ><div id=\"panel-95-1-1-0\" class=\"so-panel widget widget_text panel-first-child panel-last-child\" data-index=\"3\" ><h3 class=\"widget-title\">Slu\u017eby Bo\u017eie Bernol\u00e1kovo<\/h3>\t\t\t<div class=\"textwidget\"><p>Radi v\u00e1s uv\u00edtame na Slu\u017eb\u00e1ch Bo\u017e\u00edch, ktor\u00e9 sa konaj\u00fa:<\/p>\n<p>v\u00a0Ivanke pri Dunaji <strong>druh\u00fa nede\u013eu v\u00a0mesiaci<\/strong> (1x za mesiac) o\u00a0<strong>11.30hod<\/strong>. v\u00a0Pam\u00e4tnej izbe M. R. \u0160tef\u00e1nika (informa\u010dnom centre obce).<\/p>\n<p>V\u00a0Bernol\u00e1kove (chr\u00e1m Bo\u017e\u00ed):\u00a0<strong>10,30,\u00a0<\/strong>prv\u00fa nede\u013eu v\u00a0mesiaci\u00a0 so sviatosti Ve\u010dere P\u00e1novej so spove\u010fou,<\/p>\n<p>&nbsp;<\/p>\n<\/div>\n\t\t<\/div><\/div><\/div><div id=\"pg-95-2\"  class=\"panel-grid panel-no-style\" ><div id=\"pgc-95-2-0\"  class=\"panel-grid-cell\" ><div id=\"panel-95-2-0-0\" class=\"so-panel widget widget_text panel-first-child panel-last-child\" data-index=\"4\" ><h3 class=\"widget-title\">Adresa Bernol\u00e1kovo<\/h3>\t\t\t<div class=\"textwidget\"><p>Evanjelick\u00fd kostol sa nach\u00e1dza v\u00a0Bernol\u00e1kove, na rohu Po\u0161tovej a\u00a0Orechovej ul<\/p>\n<\/div>\n\t\t<\/div><\/div><div id=\"pgc-95-2-1\"  class=\"panel-grid-cell\" ><div id=\"panel-95-2-1-0\" class=\"so-panel widget widget_sow-google-map panel-first-child panel-last-child\" data-index=\"5\" ><div\n\t\t\t\n\t\t\tclass=\"so-widget-sow-google-map so-widget-sow-google-map-default-dfba216d3c8e-95\"\n\t\t\t\n\t\t>\n<div class=\"sow-google-map-canvas\"\n\tstyle=\"\"\n\tid=\"map-canvas-7bbbca2e6057ae42b68b474b0f6d3868\"\n\tdata-options=\"{&quot;address&quot;:&quot;Orechov\\u00e1 1660, 900 27 Bernol\\u00e1kovo&quot;,&quot;zoom&quot;:15,&quot;mobileZoom&quot;:15,&quot;gestureHandling&quot;:&quot;greedy&quot;,&quot;disableUi&quot;:false,&quot;markerIcon&quot;:false,&quot;markersDraggable&quot;:false,&quot;markerAtCenter&quot;:true,&quot;markerInfoDisplay&quot;:&quot;click&quot;,&quot;markerInfoMultiple&quot;:true,&quot;markerPositions&quot;:false,&quot;mapName&quot;:false,&quot;mapStyles&quot;:false,&quot;directions&quot;:&quot;&quot;,&quot;apiKey&quot;:&quot;AIzaSyBxi36d7qshpmdI_xjDmyxb_hkYu1v6Mic&quot;,&quot;breakpoint&quot;:780,&quot;id&quot;:&quot;69e4eb&quot;}\"\n\tdata-fallback-image=\"{&quot;img&quot;:&quot;&quot;}\"><\/div>\n<\/div><\/div><\/div><\/div><div id=\"pg-95-3\"  class=\"panel-grid panel-no-style\" ><div id=\"pgc-95-3-0\"  class=\"panel-grid-cell\" ><div id=\"panel-95-3-0-0\" class=\"so-panel widget widget_text panel-first-child panel-last-child\" data-index=\"6\" ><h3 class=\"widget-title\">Adresa Ivanka pri Dunaji<\/h3>\t\t\t<div class=\"textwidget\"><p>V\u00a0Ivanke pri Dunaji m\u00e1vame Slu\u017eby Bo\u017eie v\u00a0Pam\u00e4tnej izbe M. R. \u0160tef\u00e1nika, n\u00e1m. sv. Roz\u00e1lie (informa\u010dn\u00e9 centrum obce)<\/p>\n<\/div>\n\t\t<\/div><\/div><div id=\"pgc-95-3-1\"  class=\"panel-grid-cell\" ><div id=\"panel-95-3-1-0\" class=\"so-panel widget widget_sow-google-map panel-first-child panel-last-child\" data-index=\"7\" ><div\n\t\t\t\n\t\t\tclass=\"so-widget-sow-google-map so-widget-sow-google-map-default-dfba216d3c8e-95\"\n\t\t\t\n\t\t>\n<div class=\"sow-google-map-canvas\"\n\tstyle=\"\"\n\tid=\"map-canvas-6c0873f9a8cd761ca6c94cdf18c0e2a7\"\n\tdata-options=\"{&quot;address&quot;:&quot;Moyzesova ul.\\u010d. 38&quot;,&quot;zoom&quot;:15,&quot;mobileZoom&quot;:15,&quot;gestureHandling&quot;:&quot;greedy&quot;,&quot;disableUi&quot;:false,&quot;markerIcon&quot;:false,&quot;markersDraggable&quot;:false,&quot;markerAtCenter&quot;:true,&quot;markerInfoDisplay&quot;:&quot;click&quot;,&quot;markerInfoMultiple&quot;:true,&quot;markerPositions&quot;:false,&quot;mapName&quot;:false,&quot;mapStyles&quot;:false,&quot;directions&quot;:&quot;&quot;,&quot;apiKey&quot;:&quot;AIzaSyBxi36d7qshpmdI_xjDmyxb_hkYu1v6Mic&quot;,&quot;breakpoint&quot;:780,&quot;id&quot;:&quot;69e4eb&quot;}\"\n\tdata-fallback-image=\"{&quot;img&quot;:&quot;&quot;}\"><\/div>\n<\/div><\/div><\/div><\/div><\/div>","protected":false},"excerpt":{"rendered":"<p>Kontakty S\u00eddlo farsk\u00e9ho \u00faradu: Alstrova ulica \u010d.39, 831 06 Bratislava 35, telef\u00f3n: 02\/44883403, mobil:0903794926 e-mail: raca@ecav.sk Cirkevn\u00fd pr\u00edspevok, pr\u00edp. milodary uv\u00edtame na \u010cU. nasledovne: N\u00e1zov \u00fa\u010dtu \/ n\u00e1zov pr\u00edjemcu\/: Cirkevn\u00fd zbor Evanjelickej cirkvi augsbursk\u00e9ho vyznania na Slovensku Bratislava&#8230; <a class=\"read-more\" href=\"https:\/\/ecavraca.sk\/?page_id=95\">Read More<\/a><\/p>\n","protected":false},"author":1,"featured_media":0,"parent":0,"menu_order":0,"comment_status":"closed","ping_status":"closed","template":"","meta":{"footnotes":""},"class_list":["post-95","page","type-page","status-publish","hentry","no-comments"],"_links":{"self":[{"href":"https:\/\/ecavraca.sk\/index.php?rest_route=\/wp\/v2\/pages\/95","targetHints":{"allow":["GET"]}}],"collection":[{"href":"https:\/\/ecavraca.sk\/index.php?rest_route=\/wp\/v2\/pages"}],"about":[{"href":"https:\/\/ecavraca.sk\/index.php?rest_route=\/wp\/v2\/types\/page"}],"author":[{"embeddable":true,"href":"https:\/\/ecavraca.sk\/index.php?rest_route=\/wp\/v2\/users\/1"}],"replies":[{"embeddable":true,"href":"https:\/\/ecavraca.sk\/index.php?rest_route=%2Fwp%2Fv2%2Fcomments&post=95"}],"version-history":[{"count":39,"href":"https:\/\/ecavraca.sk\/index.php?rest_route=\/wp\/v2\/pages\/95\/revisions"}],"predecessor-version":[{"id":1078,"href":"https:\/\/ecavraca.sk\/index.php?rest_route=\/wp\/v2\/pages\/95\/revisions\/1078"}],"wp:attachment":[{"href":"https:\/\/ecavraca.sk\/index.php?rest_route=%2Fwp%2Fv2%2Fmedia&parent=95"}],"curies":[{"name":"wp","href":"https:\/\/api.w.org\/{rel}","templated":true}]}}