{"id":784,"date":"2022-10-15T17:26:59","date_gmt":"2022-10-15T15:26:59","guid":{"rendered":"https:\/\/ecavraca.sk\/?page_id=784"},"modified":"2022-10-15T17:27:02","modified_gmt":"2022-10-15T15:27:02","slug":"spracovanie-osobnych-udajov","status":"publish","type":"page","link":"https:\/\/ecavraca.sk\/?page_id=784","title":{"rendered":"Spracovanie osobn\u00fdch \u00fadajov"},"content":{"rendered":"<header class=\"entry-header\">\n<div class=\"inner-wrap\">\n<h1 class=\"entry-title\">Ak\u00e9 osobn\u00e9 \u00fadaje z\u00edskavame a pre\u010do ich zbierame<\/h1>\n<\/div>\n<\/header>\n<div class=\"entry-wrapper\">\n<div class=\"entry-content\">\n<h3>Kontaktn\u00e9 Formul\u00e1re<\/h3>\n<p>\u00dadaje zozbieran\u00e9 v objedn\u00e1vkov\u00fdch formul\u00e1roch sa pou\u017e\u00edvaj\u00fa v\u00fdlu\u010dne na zasielanie informa\u010dn\u00fdch emailov s na\u0161imi predstaveniami.<\/p>\n<h3>S\u00fabory Cookies \u2013 Analytika<\/h3>\n<p>S\u00fabory cookies sa na na\u0161ej str\u00e1nke ukladaj\u00fa kv\u00f4li analytike, ktor\u00e1 pou\u017e\u00edva len d\u00e1ta v agregovanej forme.<\/p>\n<h3>Vlo\u017een\u00fd Obsah Z In\u00fdch Webov\u00fdch Str\u00e1nok<\/h3>\n<p>\u010cl\u00e1nky na tejto webovej str\u00e1nke m\u00f4\u017eu obsahova\u0165 vlo\u017een\u00fd obsah (napr. vide\u00e1, obr\u00e1zky, \u010dl\u00e1nky a podobne). Vlo\u017een\u00fd obsah z in\u00fdch str\u00e1nok sa chov\u00e1 rovnako, akoby n\u00e1v\u0161tevn\u00edk nav\u0161t\u00edvil in\u00fa webov\u00fa str\u00e1nku.<\/p>\n<p>Tieto webov\u00e9 str\u00e1nky m\u00f4\u017eu o v\u00e1s zbiera\u0165 osobn\u00e9 \u00fadaje, pou\u017e\u00edva\u0165 s\u00fabory cookies, vklada\u0165 tre\u0165o-strann\u00e9 sledovanie a monitorova\u0165 va\u0161u interakciu s vlo\u017een\u00fdm obsahom, v\u010detne sledovania va\u0161ej interakcie s vlo\u017een\u00fdm obsahom, ak na danej webovej str\u00e1nke m\u00e1te \u00fa\u010det a ste prihl\u00e1sen\u00fd.<\/p>\n<\/div>\n<\/div>\n","protected":false},"excerpt":{"rendered":"<p>Ak\u00e9 osobn\u00e9 \u00fadaje z\u00edskavame a pre\u010do ich zbierame Kontaktn\u00e9 Formul\u00e1re \u00dadaje zozbieran\u00e9 v objedn\u00e1vkov\u00fdch formul\u00e1roch sa pou\u017e\u00edvaj\u00fa v\u00fdlu\u010dne na zasielanie informa\u010dn\u00fdch emailov s na\u0161imi predstaveniami. S\u00fabory Cookies \u2013 Analytika S\u00fabory cookies sa na na\u0161ej str\u00e1nke ukladaj\u00fa kv\u00f4li analytike,&#8230; <a class=\"read-more\" href=\"https:\/\/ecavraca.sk\/?page_id=784\">Read More<\/a><\/p>\n","protected":false},"author":1,"featured_media":0,"parent":0,"menu_order":0,"comment_status":"closed","ping_status":"closed","template":"","meta":{"footnotes":""},"class_list":["post-784","page","type-page","status-publish","hentry","no-comments"],"_links":{"self":[{"href":"https:\/\/ecavraca.sk\/index.php?rest_route=\/wp\/v2\/pages\/784","targetHints":{"allow":["GET"]}}],"collection":[{"href":"https:\/\/ecavraca.sk\/index.php?rest_route=\/wp\/v2\/pages"}],"about":[{"href":"https:\/\/ecavraca.sk\/index.php?rest_route=\/wp\/v2\/types\/page"}],"author":[{"embeddable":true,"href":"https:\/\/ecavraca.sk\/index.php?rest_route=\/wp\/v2\/users\/1"}],"replies":[{"embeddable":true,"href":"https:\/\/ecavraca.sk\/index.php?rest_route=%2Fwp%2Fv2%2Fcomments&post=784"}],"version-history":[{"count":1,"href":"https:\/\/ecavraca.sk\/index.php?rest_route=\/wp\/v2\/pages\/784\/revisions"}],"predecessor-version":[{"id":785,"href":"https:\/\/ecavraca.sk\/index.php?rest_route=\/wp\/v2\/pages\/784\/revisions\/785"}],"wp:attachment":[{"href":"https:\/\/ecavraca.sk\/index.php?rest_route=%2Fwp%2Fv2%2Fmedia&parent=784"}],"curies":[{"name":"wp","href":"https:\/\/api.w.org\/{rel}","templated":true}]}}