{"id":157,"date":"2018-04-07T19:59:05","date_gmt":"2018-04-07T17:59:05","guid":{"rendered":"https:\/\/ecavraca.dcos.yes-online.org\/?page_id=157"},"modified":"2022-04-01T10:34:22","modified_gmt":"2022-04-01T08:34:22","slug":"historia-kostola-v-bernolakove","status":"publish","type":"page","link":"https:\/\/ecavraca.sk\/?page_id=157","title":{"rendered":"Hist\u00f3ria kostola v Bernol\u00e1kove"},"content":{"rendered":"<p><strong>Nie\u010do z\u00a0hist\u00f3rie Evanjelick\u00e9ho chr\u00e1mu Bo\u017eieho v\u00a0Bernol\u00e1kove pri pr\u00edle\u017eitosti 60. v\u00fdro\u010dia posv\u00e4tenia<\/strong><\/p>\n<p>U\u00a0t\u00fdch sk\u00f4r naroden\u00fdch mo\u017eno vyvol\u00e1me spomienky na \u010das d\u00e1vno-minul\u00fd a\u00a0t\u00fdm mlad\u0161\u00edm kr\u00e1tkou hist\u00f3riou pripomenieme, \u017ee pr\u00edtomnos\u0165 bez minulosti by sa podobala stromu bez kore\u0148ov. Preto si potrebujeme uvedomova\u0165 u\u017e pre\u0161l\u00fa cestu n\u00e1\u0161ho spolo\u010denstva viery.<\/p>\n<p>V\u00a0\u0165a\u017ek\u00fdch vojnov\u00fdch rokoch sa evanjelici, vtedy e\u0161te fili\u00e1lneho zboru v\u00a0Bernol\u00e1kove, kam patrila aj Ivanka pri Dunaji, rozhodli postavi\u0165 si vlastn\u00fd chr\u00e1m. Slu\u017eby Bo\u017eie vtedy e\u0161te chodili vykon\u00e1va\u0165 do dom\u00e1cnost\u00ed kapl\u00e1ni z\u00a0Bratislavy, alebo \u0161tudenti teol\u00f3gie. V\u00a0roku 1942 si k\u00fapili pozemok od gr\u00f3fa Karola Eszterh\u00e1zyho.<\/p>\n<p>Po 2. svetovej vojne (21.XI.1945) boli pridelen\u00ed k cirkevn\u00e9mu zboru v\u00a0Bratislave \u2013 Ra\u010di. Prv\u00fdm far\u00e1rom bol vtedy Bohumil Kadle\u010d\u00edk. Z\u00e1kladn\u00fd kame\u0148 bol posv\u00e4ten\u00fd 14. IX.1947 a\u00a0do konca roka st\u00e1la hrub\u00e1 stavba aj so strechou. Projekt pripravili stavitelia bratia Peterajovci (Milan, \u013dudov\u00edt a\u00a0J\u00falius).<\/p>\n<p>R\u00fdchle tempo budovania zabrzdili: nedostatok materi\u00e1lu, finan\u010dn\u00fdch prostriedkov, aj zmena spolo\u010densk\u00e9ho syst\u00e9mu. Uplynuli dva roky, k\u00fdm sa mohlo v\u00a0stavbe pokra\u010dova\u0165. V\u010faka pomoci cirkevn\u00fdch zborov, \u010diasto\u010dne aj \u0161t\u00e1tu bolo mo\u017en\u00e9 a\u017e 19.X.1952 v\u00a0e\u0161te len \u010diasto\u010dne vybavenom chr\u00e1me kona\u0165 prv\u00e9 Slu\u017eby Bo\u017eie. Trvalo \u010fal\u0161\u00edch 5 rokov k\u00fdm bol chr\u00e1m dokon\u010den\u00fd a\u00a0primerane vystrojen\u00fd. Stalo sa tak za p\u00f4sobenia far\u00e1ra J\u00e1na Michalku, profesora teol\u00f3gie, dekana bohosloveckej fakulty a\u00a0neskor\u0161ieho gener\u00e1lneho biskupa na\u0161ej cirkvi. Chr\u00e1m bol za hojnej \u00fa\u010dasti sl\u00e1vnostne posv\u00e4ten\u00fd 22.IX.1957.<\/p>\n<p>Chr\u00e1mov\u00e9 zvony daroval cirkevn\u00fd prezident hessensko-nasauskej cirkvi v\u00a0Nemecku, biskup Dr. Martin Niem\u00f6ller. S\u00fa pomenovan\u00e9 menami: Martin a\u00a0J\u00e1n. V\u00e4\u010d\u0161\u00ed je laden\u00fd na t\u00f3n \u201eE\u201c, men\u0161\u00ed na t\u00f3n \u201eG\u201c.<\/p>\n<p>Od roku 1959 prevzal v\u0161estrann\u00fa starostlivos\u0165 o\u00a0cirkevn\u00fd zbor far\u00e1r, tie\u017e profesor na bohosloveckej fakulte, J\u00falius Janko. V\u00a0roku 1973 bol zak\u00fapen\u00fd na t\u00fa dobu modern\u00fd elektrofonick\u00fd organ, ktor\u00fd sl\u00fa\u017eil skoro 30 rokov.<\/p>\n<p>Za p\u00f4sobenia tretieho profesora teologickej fakulty, Pavla Kol\u00e1rovsk\u00e9ho, bola v\u00a0roku 1978 k\u00a0chr\u00e1mu pristaven\u00e1 sakristia s\u00a0pr\u00edslu\u0161enstvom.<\/p>\n<p>Po\u010das uplynul\u00e9ho desa\u0165ro\u010dia, od roku 1997, okrem be\u017enej starostlivosti o\u00a0chr\u00e1m, prebiehali r\u00f4zne opravy a\u00a0\u00fapravy. Od elektroin\u0161tal\u00e1cie chr\u00e1mu po\u010dn\u00fac, cez elektrifik\u00e1ciu zvonov, pr\u00edstupov\u00fd chodn\u00edk k\u00a0chr\u00e1mu, oprava strechy, v\u00fdmena klampiarskych prvkov, kon\u010diac zak\u00fapen\u00edm teraj\u0161ieho nov\u00e9ho el. organa a\u00a0in\u00e9.<\/p>\n<p>V\u00a0roku 2006, v\u010faka \u0161tedr\u00e9mu a\u00a0ochotn\u00e9mu darcovi, ktor\u00fd vzal na seba investorsk\u00e9 a\u00a0organiza\u010dn\u00e9 zabezpe\u010denie v\u0161etk\u00fdch pr\u00e1c, ba aj s\u00e1m odpracoval ve\u013ea hod\u00edn, sa udiala ve\u013ek\u00e1 premena. Cel\u00fd chr\u00e1m zvonku bol opraven\u00fd, spolu s\u00a0nov\u00fdm rie\u0161en\u00edm zhroma\u017edovacieho priestoru pri chr\u00e1me, in\u017einierskymi sie\u0165ami, \u010di zak\u00fapen\u00edm r\u00f4znych s\u00fa\u010dast\u00ed interi\u00e9ru sakristie, aj vonkaj\u0161ieho priestoru.<\/p>\n<p>Na z\u00e1klade n\u00e1vrhu z\u00e1hradnej architektky, bola tie\u017e zrealizovan\u00e1 parkov\u00e1 \u00faprava okolo chr\u00e1mu.<\/p>\n<p>Pri vstupe do chr\u00e1mu je umiestnen\u00e1 pam\u00e4tn\u00e1 doska, ktor\u00e1 je prejavom v\u010faky v\u0161etk\u00fdm, \u010do mali a\u00a0maj\u00fa podiel na vybudovan\u00ed, prev\u00e1dzke a\u00a0\u00fadr\u017ebe chr\u00e1mu, ako aj priestoru okolo neho.<\/p>\n<p>V\u00a0okt\u00f3bri 2013 sa s\u00a0finan\u010dnou pomocou Obecn\u00e9ho \u00faradu Bernol\u00e1kovo (3\u00a0000.- \u20ac) uskuto\u010dnila rekon\u0161trukcia plynov\u00e9ho vykurovania chr\u00e1mu zaveden\u00edm radi\u00e1torov do chr\u00e1movej \u010dasti, sakristie a\u00a0pri\u013eahl\u00fdch miestnost\u00ed\u00a0 v\u00a0celkovej hodnote 5\u00a0000.- \u20ac.<\/p>\n<p>Vo v\u0161etkom, \u010do sa pri tomto chr\u00e1me a\u00a0pri \u013eu\u010foch okolo neho deje spozn\u00e1vame najm\u00e4 Bo\u017eiu m\u00fadros\u0165, moc a\u00a0dobrotu.<\/p>\n","protected":false},"excerpt":{"rendered":"<p>Nie\u010do z\u00a0hist\u00f3rie Evanjelick\u00e9ho chr\u00e1mu Bo\u017eieho v\u00a0Bernol\u00e1kove pri pr\u00edle\u017eitosti 60. v\u00fdro\u010dia posv\u00e4tenia U\u00a0t\u00fdch sk\u00f4r naroden\u00fdch mo\u017eno vyvol\u00e1me spomienky na \u010das d\u00e1vno-minul\u00fd a\u00a0t\u00fdm mlad\u0161\u00edm kr\u00e1tkou hist\u00f3riou pripomenieme, \u017ee pr\u00edtomnos\u0165 bez minulosti by sa podobala stromu bez kore\u0148ov. Preto si potrebujeme&#8230; <a class=\"read-more\" href=\"https:\/\/ecavraca.sk\/?page_id=157\">Read More<\/a><\/p>\n","protected":false},"author":1,"featured_media":0,"parent":179,"menu_order":0,"comment_status":"closed","ping_status":"closed","template":"","meta":{"footnotes":""},"class_list":["post-157","page","type-page","status-publish","hentry","no-comments"],"_links":{"self":[{"href":"https:\/\/ecavraca.sk\/index.php?rest_route=\/wp\/v2\/pages\/157","targetHints":{"allow":["GET"]}}],"collection":[{"href":"https:\/\/ecavraca.sk\/index.php?rest_route=\/wp\/v2\/pages"}],"about":[{"href":"https:\/\/ecavraca.sk\/index.php?rest_route=\/wp\/v2\/types\/page"}],"author":[{"embeddable":true,"href":"https:\/\/ecavraca.sk\/index.php?rest_route=\/wp\/v2\/users\/1"}],"replies":[{"embeddable":true,"href":"https:\/\/ecavraca.sk\/index.php?rest_route=%2Fwp%2Fv2%2Fcomments&post=157"}],"version-history":[{"count":1,"href":"https:\/\/ecavraca.sk\/index.php?rest_route=\/wp\/v2\/pages\/157\/revisions"}],"predecessor-version":[{"id":158,"href":"https:\/\/ecavraca.sk\/index.php?rest_route=\/wp\/v2\/pages\/157\/revisions\/158"}],"up":[{"embeddable":true,"href":"https:\/\/ecavraca.sk\/index.php?rest_route=\/wp\/v2\/pages\/179"}],"wp:attachment":[{"href":"https:\/\/ecavraca.sk\/index.php?rest_route=%2Fwp%2Fv2%2Fmedia&parent=157"}],"curies":[{"name":"wp","href":"https:\/\/api.w.org\/{rel}","templated":true}]}}